{"id":2,"date":"2018-10-04T04:40:33","date_gmt":"2018-10-04T04:40:33","guid":{"rendered":"https:\/\/www.bernarddumez.com\/oser-com\/?page_id=2"},"modified":"2018-10-04T06:21:54","modified_gmt":"2018-10-04T06:21:54","slug":"qui-je-suis","status":"publish","type":"page","link":"https:\/\/www.bernarddumez.com\/oser-com\/qui-je-suis\/","title":{"rendered":"Qui je-suis&#8230;"},"content":{"rendered":"<blockquote><p>\u00ab\u00a0N&rsquo;importe quel stupide intelligent peut rendre les choses plus importantes, plus complexes, et plus violentes.<br \/>\nCela prend une touche de g\u00e9nie &#8211; et un grand courage &#8211; pour agir dans la direction oppos\u00e9e\u00a0\u00bb. Albert Einstein<\/p><\/blockquote>\n<blockquote><p>\u00ab\u00a0Ce n&rsquo;est pas en perfectionnant la chandelle que l&rsquo;on a invent\u00e9 l&rsquo;\u00e9lectricit\u00e9\u00a0\u00bb. Jacques Salom\u00e9<\/p><\/blockquote>\n<p>Ing\u00e9nieur en \u00e9lectronique et informatique, apr\u00e8s 32 ann\u00e9es de pratique dans deux importantes multinationales impliqu\u00e9es dans des technologies de pointe, sp\u00e9cialis\u00e9 en ing\u00e9ni\u00e8rie des syst\u00e8mes, je me suis int\u00e9ress\u00e9 en 1997, gr\u00e2ce \u00e0 la d\u00e9couverte des b\u00e9n\u00e9fices apport\u00e9s en mati\u00e8re de communication relationnelle par la M\u00e9thode ESPERE\u00ae de Jacques Salom\u00e9, \u00e0 un autre domaine qui m\u2019\u00e9tait totalement \u00e9tranger: celui des comportements humains dans les relations interpersonnelles et surtout les relations avec soi m\u00eame. \u00c0 57 ans, j&rsquo;ai volontairement pris ma retraite anticip\u00e9e pour me consacrer \u00e0 cet humanisme dont je d\u00e9couvrais et reconnaissais les bienfaits, \u00e0 la fois lors des formations sp\u00e9cifiques que je suivais mais aussi en restant tout le temps \u00e0 l&rsquo;\u00e9coute des derni\u00e8res d\u00e9couvertes scientifiques et en \u00e9tudiant\u00a0 comment elles pouvaient soutenir telle ou telle approche, technique, processus dont j&rsquo;avais pu observer par moi m\u00eame les effets b\u00e9n\u00e9fiques en les appliquant sur le terrain, sans trop savoir pourquoi je pouvais obtenir de tels r\u00e9sultats.<\/p>\n<p>D\u00e8s lors, pendant ces 12 derni\u00e8res ann\u00e9es et avec une v\u00e9ritable fr\u00e9n\u00e9sie, j&rsquo;ai continu\u00e9 \u00e0 me former \u00e0 la communication relationnelle de fa\u00e7on intensive, \u00e0 l\u2019hypnose traditionnelle, \u00e0 la PNL (Programmation Neuro Linguistique) aux niveaux Praticien, Ma\u00eetre praticien, Post Ma\u00eetre en Coaching et Enseignant certifi\u00e9s, la CNV et enfin \u00e0 l\u2019hypnose ericksonienne, disciplines que j&rsquo;ai pratiqu\u00e9es en individuel, en groupe et en formation, au fur et \u00e0 mesure de mes apprentissages&#8230; tout en lisant des ouvrages scientifiques qui touchaient \u00e0 ces domaines directement ou indirectement.<\/p>\n<p>Pendant toutes ces formations pratiques, j&rsquo;ai fait une grande d\u00e9couverte: le \u00ab\u00a0regard du COACH DE VIE\u00a0\u00bb. Cette qualification est tr\u00e8s importante pour moi, car dans ma vie professionnelle pass\u00e9e, avant de terminer ma carri\u00e8re comme fondateur et directeur technique d\u2019un division de pr\u00e8s de 600 personnes,\u00a0 j\u2019ai subi et et surtout fait subir \u00e0 mes partenaires, \u00e0 peu pr\u00e8s tout ce que l&rsquo;on peut vivre de d\u00e9sagr\u00e9ments dans une vie de travail, avec la certitude dans ce temps l\u00e0, que ma m\u00e9thode de communication et ma fa\u00e7on de g\u00e9rer mes affaires \u00e9taient les bonnes, du fait des succ\u00e8s recueillis&#8230; En fait avec mon nouveau regard, celui du coach de vie que je suis devenu, je me suis reconnu comme ayant \u00e9t\u00e9 cet \u00e9l\u00e9phant dans un magasin de porcelaine: il atteint son but et ses objectifs, certes,\u00a0 mais \u00e0 quel prix?<\/p>\n<p>Et si je devais revivre ces exp\u00e9riences &#8211; qui ont \u00e9t\u00e9 pour moi une r\u00e9ussite professionnelle &#8211; avec ce que je sais aujourd\u2019hui des techniques et outils que j\u2019ai int\u00e9gr\u00e9s et exp\u00e9riment\u00e9s durant ces douze derni\u00e8res ann\u00e9es, mon comportement serait exactement \u00e0 l\u2019oppos\u00e9 de ce qu\u2019il a \u00e9t\u00e9, et ce pour le bien du tout! j&rsquo;en suis intimement convaincu.<\/p>\n<p>En combinant dans mon approche de <strong>COACHING DE VIE<\/strong> la <strong>M\u00e9thode ESPERE\u00ae<\/strong>, la <strong>PNL<\/strong> et l\u2019<strong>autohypnose ericksonienne<\/strong>, et d&rsquo;autres techniques partielles de soutien appartenant \u00e0 la communication non violente (Marshall Rosenberg), la kinesiologie, la pr\u00e9sence \u00e0 soi&#8230; que ce soit en individuel ou en groupe, en \u00e9quipe en entreprise, j&rsquo;ai d\u00e9velopp\u00e9 cette approche de <strong>coaching humaniste<\/strong> et il n\u2019y a pas aujourd\u2019hui, de plus belle satisfaction pour moi, que le sourire d\u2019une personne qui vient en individuel ou en groupe, de (re)d\u00e9couvrir sa voie et de (re)donner un sens \u00e0 sa vie\u2026<\/p>\n<p>Je suis \u00e0 \u00e9crire un document d\u00e9taill\u00e9 et circonstanci\u00e9 &#8211; qui deviendra peut \u00eatre une publication &#8211; sur cette m\u00e9thode de coaching, associ\u00e9e aux d\u00e9couvertes scientifiques r\u00e9centes* qui viennent corroborer les \u00e9volutions des comportements et \u00e9volutions constat\u00e9s chez mes participants. Je d\u00e9cris aussi mes interrogations, mes limites et mes impuissances!<\/p>\n<p>* la science publie ses d\u00e9couvertes \u00e0 un tel rythme que d\u00e8s qu&rsquo;un chapitre avance, je dois revenir et modifier\u00a0 mon texte pour y int\u00e9grer une nouvelle d\u00e9couverte&#8230; Comment arr\u00eater cette effervescence passionnante?<\/p>\n","protected":false},"excerpt":{"rendered":"<p>\u00ab\u00a0N&rsquo;importe quel stupide intelligent peut rendre les choses plus importantes, plus complexes, et plus violentes. Cela prend une touche de g\u00e9nie &#8211; et un grand courage &#8211; pour agir dans la direction oppos\u00e9e\u00a0\u00bb. Albert Einstein \u00ab\u00a0Ce n&rsquo;est pas en perfectionnant la chandelle que l&rsquo;on a invent\u00e9 l&rsquo;\u00e9lectricit\u00e9\u00a0\u00bb. Jacques Salom\u00e9 Ing\u00e9nieur en \u00e9lectronique et informatique, apr\u00e8s [&hellip;]<\/p>\n","protected":false},"author":3,"featured_media":0,"parent":0,"menu_order":0,"comment_status":"closed","ping_status":"closed","template":"","meta":{"footnotes":""},"class_list":["post-2","page","type-page","status-publish","hentry"],"jetpack_sharing_enabled":true,"_links":{"self":[{"href":"https:\/\/www.bernarddumez.com\/oser-com\/wp-json\/wp\/v2\/pages\/2","targetHints":{"allow":["GET"]}}],"collection":[{"href":"https:\/\/www.bernarddumez.com\/oser-com\/wp-json\/wp\/v2\/pages"}],"about":[{"href":"https:\/\/www.bernarddumez.com\/oser-com\/wp-json\/wp\/v2\/types\/page"}],"author":[{"embeddable":true,"href":"https:\/\/www.bernarddumez.com\/oser-com\/wp-json\/wp\/v2\/users\/3"}],"replies":[{"embeddable":true,"href":"https:\/\/www.bernarddumez.com\/oser-com\/wp-json\/wp\/v2\/comments?post=2"}],"version-history":[{"count":5,"href":"https:\/\/www.bernarddumez.com\/oser-com\/wp-json\/wp\/v2\/pages\/2\/revisions"}],"predecessor-version":[{"id":39,"href":"https:\/\/www.bernarddumez.com\/oser-com\/wp-json\/wp\/v2\/pages\/2\/revisions\/39"}],"wp:attachment":[{"href":"https:\/\/www.bernarddumez.com\/oser-com\/wp-json\/wp\/v2\/media?parent=2"}],"curies":[{"name":"wp","href":"https:\/\/api.w.org\/{rel}","templated":true}]}}