{"id":19,"date":"2018-10-04T05:40:44","date_gmt":"2018-10-04T05:40:44","guid":{"rendered":"https:\/\/www.bernarddumez.com\/oser-com\/?page_id=19"},"modified":"2020-06-11T12:23:22","modified_gmt":"2020-06-11T16:23:22","slug":"formations","status":"publish","type":"page","link":"https:\/\/www.bernarddumez.com\/oser-com\/","title":{"rendered":"Formation pratique au Coaching de Vie Unitaire"},"content":{"rendered":"\n<p><\/p>\n\n\n\n<p><\/p>\n\n\n\n<h2 class=\"has-text-align-center wp-block-heading\">Comment dialoguer avec notre corps pour dynamiser l&rsquo;esprit sain (sans T)\u00a0 en nous<br><\/h2>\n\n\n\n<p>Comment obtenir des r\u00e9sultats \u00e9tonnants sur notre sant\u00e9 en utilisant conjointement la M\u00e9thode ESPERE \u00ae&nbsp; de Jacques Salom\u00e9 avec:<\/p>\n\n\n\n<ul class=\"wp-block-list\"><li>des techniques d\u2019<strong>hypnose<\/strong> (traditionnelle, ericksonienne et conversationnelle)<\/li><li>des outils de la <strong>P<\/strong>rogrammation <strong>N<\/strong>euro <strong>L<\/strong>inguistique (<strong>PNL<\/strong>)<\/li><li>la <strong>T<\/strong>echnique d\u2019<strong>I<\/strong>dentification sensorielles des <strong>P<\/strong>eurs <strong>I<\/strong>nconscientes (<strong>TIPI<\/strong>)<\/li><li>une approche m\u00e9taphorique et originale de la <strong>physique quantique<\/strong><\/li><li>des concepts simples issus<strong> des neurosciences\u2026<\/strong><\/li><\/ul>\n\n\n\n<h3 class=\"has-text-align-center wp-block-heading\">Intervenant Bernard DUMEZ <\/h3>\n\n\n\n<p class=\"has-text-align-center\">Ing\u00e9nieur de formation. Formateur certifi\u00e9 en M\u00e9thode ESPERE\u00ae; hypnoth\u00e9rapeute, coach et enseignant certifi\u00e9 en PNL; Praticien TIPI (Technique d&rsquo;Identification sensorielle des Peurs Inconscientes)&#8230; <\/p>\n\n\n\n<p class=\"has-text-align-center has-large-font-size\"><strong>Planifi\u00e9e de septembre \u00e0 d\u00e9cembre  2020<\/strong> <\/p>\n\n\n\n<p class=\"has-text-align-center\">si les restrictions sanitaires sont lev\u00e9es<\/p>\n\n\n\n<p class=\"has-text-align-center\">de  9h  \u00e0  17:30h<\/p>\n\n\n\n<p class=\"has-text-align-center\"><\/p>\n\n\n\n<p style=\"font-size:21px\" class=\"has-text-align-center\"><strong>Co\u00fbt: 640$ pour les 8 journ\u00e9es.<\/strong><\/p>\n\n\n\n<p style=\"font-size:17px\" class=\"has-text-align-center\">Minimum 6 participants, maximum 14.<\/p>\n\n\n\n<p style=\"font-size:19px\" class=\"has-text-align-center\"><span style=\"text-decoration: underline;\"><strong>N\u2019oubliez pas d\u2019amener votre repas et surtout vos \u00ab bobos \u00bb <\/strong><\/span><\/p>\n\n\n\n<p style=\"font-size:22px\" class=\"has-text-align-center\"><span style=\"text-decoration: underline;\">Contacter Bernard DUMEZ<br><\/span>Tel.: <a href=\"tel:+18195621106\">(819) 562-1106<\/a> cel.: <a href=\"tel:+18195781393\">(819) 578-1393<\/a><\/p>\n\n\n\n<p style=\"font-size:19px\" class=\"has-text-align-center\">ou par courriel <a href=\"mailto:dumezosercom@gmail.com\">dumezosercom@gmail.com<\/a><\/p>\n\n\n\n<h2 class=\"has-text-align-center wp-block-heading\">Th\u00e8mes abord\u00e9s lors de l\u2019atelier<\/h2>\n\n\n\n<h4 class=\"wp-block-heading\">&nbsp;En avant propos:<\/h4>\n\n\n\n<ul class=\"wp-block-list\"><li>Sant\u00e9 et maladie<\/li><li>les principes immuables de la vie en nous<\/li><li>Quelles le\u00e7ons pouvons nous tirer des \u00e9v\u00e9nements \u00ab extra-ordinaires \u00bb que nous vivons?<\/li><\/ul>\n\n\n\n<h4 class=\"wp-block-heading\">Une approche fonctionnelle de nos modes d\u2019adaptation \u00e0 notre environnement:<\/h4>\n\n\n\n<ul class=\"wp-block-list\"><li>Les principes fondamentaux de la p\u00e9rennit\u00e9 de toute vie sur la plan\u00e8te<\/li><li>Le principe d\u2019Hom\u00e9ostasie, l\u2019approche syst\u00e9mique et le concept de la cybern\u00e9tique.<\/li><li>Nous sommes 100% du temps en recherche d\u2019\u00e9quilibre \u00e0 tous les niveaux. <\/li><li>Nos \u00ab cinq \u00bb sens perceptuels peuvent nous tromper<\/li><li>Adaptation de mon corps et de ma personnalit\u00e9 \u00e0 leurs environnements respectifs<\/li><\/ul>\n\n\n\n<h4 class=\"wp-block-heading\">Pr\u00e9sentation de mod\u00e8les fonctionnels pour comprendre nos diff\u00e9rents processus de fonctionnement:<\/h4>\n\n\n\n<ul class=\"wp-block-list\"><li>\u00ab JE : ma personnalit\u00e9, ma vie et mon corps <\/li><li>les principes d&rsquo;adaptation, les communication internes et externes, le syst\u00e8me immunitaire, ,es voies basse et haute en neurosciences, etc\u2026 .<\/li><li>L\u2019\u00e9lan de vie en moi, un barom\u00e8tre \u00e0 d\u00e9couvrir et comment l\u2019utiliser.<\/li><li>Mon corps est un mod\u00e8le de la vie! <\/li><li>Les cellules, mon corps et moi: m\u00eame combat<\/li><li>La spiritualit\u00e9 en tant que rituel de l\u2019esprit qui anime toue vie<\/li><\/ul>\n\n\n\n<h4 class=\"wp-block-heading\">Identifier nos auto-saboteurs \u2026 <\/h4>\n\n\n\n<p>il est bon de les reconna\u00eetre et de prendre soin d\u2019eux en fonction de notre sensibilit\u00e9 et de nos r\u00e9actions \u00e0 leur impact sur notre sant\u00e9<\/p>\n\n\n\n<h4 class=\"wp-block-heading\">L\u2019approche propos\u00e9e abordera les th\u00e8mes suivants en fonction des besoins des participants:<\/h4>\n\n\n\n<ul class=\"wp-block-list\"><li>le sommeil<\/li><li>le stress, (le stress OUI!, la d\u00e9tresse NON!)<\/li><li>contourner les traumatismes<\/li><li>la pr\u00e9vention des d\u00e9pendances<\/li><li>la souffrance v.s. la douleur<\/li><li>le \u00ab\u00a0mal \u00e0 dire\u00a0\u00bb<\/li><li>Les relations interpersonnelles sources de la plupart de nos difficult\u00e9s<\/li><li>la relation \u00e0 moi-m\u00eame<\/li><li>de l\u2019estime de soi, \u00e0 la confiance en soi pour atteindre le au plaisir d\u2019\u00eatre<\/li><li>La motivation\u2026<\/li><li>etc, et&#8230;<\/li><\/ul>\n\n\n\n<h4 class=\"wp-block-heading\">Sujets divers apport\u00e9s par les participants<\/h4>\n\n\n\n<p><strong>N\u2019oubliez pas d\u2019amener avec vous les  difficult\u00e9s qui perturbent votre vie!<\/strong> Cet atelier est la bonne place pour que vous puissiez apprendre \u00e0 prendre soin d\u2019elles pour mettre plus de vivance dans votre vie.<\/p>\n","protected":false},"excerpt":{"rendered":"<p>Comment dialoguer avec notre corps pour dynamiser l&rsquo;esprit sain (sans T)\u00a0 en nous Comment obtenir des r\u00e9sultats \u00e9tonnants sur notre sant\u00e9 en utilisant conjointement la M\u00e9thode ESPERE \u00ae&nbsp; de Jacques Salom\u00e9 avec: des techniques d\u2019hypnose (traditionnelle, ericksonienne et conversationnelle) des outils de la Programmation Neuro Linguistique (PNL) la Technique d\u2019Identification sensorielles des Peurs Inconscientes (TIPI) [&hellip;]<\/p>\n","protected":false},"author":3,"featured_media":0,"parent":0,"menu_order":0,"comment_status":"closed","ping_status":"closed","template":"","meta":{"footnotes":""},"class_list":["post-19","page","type-page","status-publish","hentry"],"jetpack_sharing_enabled":true,"_links":{"self":[{"href":"https:\/\/www.bernarddumez.com\/oser-com\/wp-json\/wp\/v2\/pages\/19","targetHints":{"allow":["GET"]}}],"collection":[{"href":"https:\/\/www.bernarddumez.com\/oser-com\/wp-json\/wp\/v2\/pages"}],"about":[{"href":"https:\/\/www.bernarddumez.com\/oser-com\/wp-json\/wp\/v2\/types\/page"}],"author":[{"embeddable":true,"href":"https:\/\/www.bernarddumez.com\/oser-com\/wp-json\/wp\/v2\/users\/3"}],"replies":[{"embeddable":true,"href":"https:\/\/www.bernarddumez.com\/oser-com\/wp-json\/wp\/v2\/comments?post=19"}],"version-history":[{"count":7,"href":"https:\/\/www.bernarddumez.com\/oser-com\/wp-json\/wp\/v2\/pages\/19\/revisions"}],"predecessor-version":[{"id":60,"href":"https:\/\/www.bernarddumez.com\/oser-com\/wp-json\/wp\/v2\/pages\/19\/revisions\/60"}],"wp:attachment":[{"href":"https:\/\/www.bernarddumez.com\/oser-com\/wp-json\/wp\/v2\/media?parent=19"}],"curies":[{"name":"wp","href":"https:\/\/api.w.org\/{rel}","templated":true}]}}